{"id":5,"date":"2023-01-05T11:15:42","date_gmt":"2023-01-05T10:15:42","guid":{"rendered":"http:\/\/scbadvisory.cz\/?page_id=5"},"modified":"2023-01-05T11:15:42","modified_gmt":"2023-01-05T10:15:42","slug":"scb-advisory-s-r-o","status":"publish","type":"page","link":"http:\/\/scbadvisory.cz\/?page_id=5","title":{"rendered":"SCB Advisory, s.r.o."},"content":{"rendered":"\n<p>Koubkova 11,<br>Praha 2, 120 00<\/p>\n\n\n\n<p>Rodinn\u00e1 spole\u010dnost SCB Advisory poskytuj\u00edc\u00ed poradensk\u00e9 slu\u017eby v oblastech HR a stavebnictv\u00ed.<\/p>\n","protected":false},"excerpt":{"rendered":"<p>Koubkova 11,Praha 2, 120 00 Rodinn\u00e1 spole\u010dnost SCB Advisory poskytuj\u00edc\u00ed poradensk\u00e9 slu\u017eby v oblastech HR a stavebnictv\u00ed.<\/p>\n","protected":false},"author":1,"featured_media":0,"parent":0,"menu_order":0,"comment_status":"closed","ping_status":"closed","template":"","meta":{"_mi_skip_tracking":false},"_links":{"self":[{"href":"http:\/\/scbadvisory.cz\/index.php?rest_route=\/wp\/v2\/pages\/5"}],"collection":[{"href":"http:\/\/scbadvisory.cz\/index.php?rest_route=\/wp\/v2\/pages"}],"about":[{"href":"http:\/\/scbadvisory.cz\/index.php?rest_route=\/wp\/v2\/types\/page"}],"author":[{"embeddable":true,"href":"http:\/\/scbadvisory.cz\/index.php?rest_route=\/wp\/v2\/users\/1"}],"replies":[{"embeddable":true,"href":"http:\/\/scbadvisory.cz\/index.php?rest_route=%2Fwp%2Fv2%2Fcomments&post=5"}],"version-history":[{"count":3,"href":"http:\/\/scbadvisory.cz\/index.php?rest_route=\/wp\/v2\/pages\/5\/revisions"}],"predecessor-version":[{"id":8,"href":"http:\/\/scbadvisory.cz\/index.php?rest_route=\/wp\/v2\/pages\/5\/revisions\/8"}],"wp:attachment":[{"href":"http:\/\/scbadvisory.cz\/index.php?rest_route=%2Fwp%2Fv2%2Fmedia&parent=5"}],"curies":[{"name":"wp","href":"https:\/\/api.w.org\/{rel}","templated":true}]}}